{"id":2,"date":"2023-03-31T11:41:22","date_gmt":"2023-03-31T14:41:22","guid":{"rendered":"https:\/\/grupogadu.com.br\/?page_id=2"},"modified":"2023-07-18T09:52:47","modified_gmt":"2023-07-18T12:52:47","slug":"atuacao","status":"publish","type":"page","link":"https:\/\/grupogadu.com.br\/index.php\/atuacao\/","title":{"rendered":"ATUA\u00c7\u00c3O"},"content":{"rendered":"\t\t<div data-elementor-type=\"wp-page\" data-elementor-id=\"2\" class=\"elementor elementor-2\">\n\t\t\t\t\t\t\t\t\t<section class=\"elementor-section elementor-top-section elementor-element elementor-element-c5c1255 elementor-section-boxed elementor-section-height-default elementor-section-height-default\" data-id=\"c5c1255\" data-element_type=\"section\">\n\t\t\t\t\t\t<div class=\"elementor-container elementor-column-gap-default\">\n\t\t\t\t\t<div class=\"elementor-column elementor-col-100 elementor-top-column elementor-element elementor-element-6c9f66d\" data-id=\"6c9f66d\" data-element_type=\"column\">\n\t\t\t<div class=\"elementor-widget-wrap elementor-element-populated\">\n\t\t\t\t\t\t\t\t<div class=\"elementor-element elementor-element-b0b2964 elementor-widget elementor-widget-heading\" data-id=\"b0b2964\" data-element_type=\"widget\" data-widget_type=\"heading.default\">\n\t\t\t\t<div class=\"elementor-widget-container\">\n\t\t\t<style>\/*! elementor - v3.14.0 - 26-06-2023 *\/\n.elementor-heading-title{padding:0;margin:0;line-height:1}.elementor-widget-heading .elementor-heading-title[class*=elementor-size-]>a{color:inherit;font-size:inherit;line-height:inherit}.elementor-widget-heading .elementor-heading-title.elementor-size-small{font-size:15px}.elementor-widget-heading .elementor-heading-title.elementor-size-medium{font-size:19px}.elementor-widget-heading .elementor-heading-title.elementor-size-large{font-size:29px}.elementor-widget-heading .elementor-heading-title.elementor-size-xl{font-size:39px}.elementor-widget-heading .elementor-heading-title.elementor-size-xxl{font-size:59px}<\/style><h2 class=\"elementor-heading-title elementor-size-default\">ATUA\u00c7\u00c3O<\/h2>\t\t<\/div>\n\t\t\t\t<\/div>\n\t\t\t\t\t<\/div>\n\t\t<\/div>\n\t\t\t\t\t\t\t<\/div>\n\t\t<\/section>\n\t\t\t\t<section class=\"elementor-section elementor-top-section elementor-element elementor-element-b02205b elementor-section-boxed elementor-section-height-default elementor-section-height-default\" data-id=\"b02205b\" data-element_type=\"section\">\n\t\t\t\t\t\t<div class=\"elementor-container elementor-column-gap-default\">\n\t\t\t\t\t<div class=\"elementor-column elementor-col-50 elementor-top-column elementor-element elementor-element-aef17df\" data-id=\"aef17df\" data-element_type=\"column\">\n\t\t\t<div class=\"elementor-widget-wrap elementor-element-populated\">\n\t\t\t\t\t\t\t\t<div class=\"elementor-element elementor-element-8639f55 elementor-widget elementor-widget-image\" data-id=\"8639f55\" data-element_type=\"widget\" data-widget_type=\"image.default\">\n\t\t\t\t<div class=\"elementor-widget-container\">\n\t\t\t<style>\/*! elementor - v3.14.0 - 26-06-2023 *\/\n.elementor-widget-image{text-align:center}.elementor-widget-image a{display:inline-block}.elementor-widget-image a img[src$=\".svg\"]{width:48px}.elementor-widget-image img{vertical-align:middle;display:inline-block}<\/style>\t\t\t\t\t\t\t\t\t\t\t\t<img loading=\"lazy\" decoding=\"async\" width=\"800\" height=\"525\" src=\"https:\/\/grupogadu.com.br\/wp-content\/uploads\/2023\/07\/gadu-seguranca-01-1024x672.jpg\" class=\"attachment-large size-large wp-image-203\" alt=\"\" srcset=\"https:\/\/grupogadu.com.br\/wp-content\/uploads\/2023\/07\/gadu-seguranca-01-1024x672.jpg 1024w, https:\/\/grupogadu.com.br\/wp-content\/uploads\/2023\/07\/gadu-seguranca-01-300x197.jpg 300w, https:\/\/grupogadu.com.br\/wp-content\/uploads\/2023\/07\/gadu-seguranca-01-768x504.jpg 768w, https:\/\/grupogadu.com.br\/wp-content\/uploads\/2023\/07\/gadu-seguranca-01.jpg 1534w\" sizes=\"(max-width: 800px) 100vw, 800px\" \/>\t\t\t\t\t\t\t\t\t\t\t\t\t\t\t<\/div>\n\t\t\t\t<\/div>\n\t\t\t\t\t<\/div>\n\t\t<\/div>\n\t\t\t\t<div class=\"elementor-column elementor-col-50 elementor-top-column elementor-element elementor-element-a84702c\" data-id=\"a84702c\" data-element_type=\"column\">\n\t\t\t<div class=\"elementor-widget-wrap elementor-element-populated\">\n\t\t\t\t\t\t\t\t<div class=\"elementor-element elementor-element-00580b7 elementor-widget elementor-widget-heading\" data-id=\"00580b7\" data-element_type=\"widget\" data-widget_type=\"heading.default\">\n\t\t\t\t<div class=\"elementor-widget-container\">\n\t\t\t<h2 class=\"elementor-heading-title elementor-size-default\">Seguran\u00e7a, Vigil\u00e2ncia Armada e Desarmada<\/h2>\t\t<\/div>\n\t\t\t\t<\/div>\n\t\t\t\t<div class=\"elementor-element elementor-element-1a50330 elementor-widget__width-initial elementor-widget elementor-widget-text-editor\" data-id=\"1a50330\" data-element_type=\"widget\" data-widget_type=\"text-editor.default\">\n\t\t\t\t<div class=\"elementor-widget-container\">\n\t\t\t<style>\/*! elementor - v3.14.0 - 26-06-2023 *\/\n.elementor-widget-text-editor.elementor-drop-cap-view-stacked .elementor-drop-cap{background-color:#69727d;color:#fff}.elementor-widget-text-editor.elementor-drop-cap-view-framed .elementor-drop-cap{color:#69727d;border:3px solid;background-color:transparent}.elementor-widget-text-editor:not(.elementor-drop-cap-view-default) .elementor-drop-cap{margin-top:8px}.elementor-widget-text-editor:not(.elementor-drop-cap-view-default) .elementor-drop-cap-letter{width:1em;height:1em}.elementor-widget-text-editor .elementor-drop-cap{float:left;text-align:center;line-height:1;font-size:50px}.elementor-widget-text-editor .elementor-drop-cap-letter{display:inline-block}<\/style>\t\t\t\t<p>Atrav\u00e9s de uma sele\u00e7\u00e3o criteriosa e constante treinamento de pessoal, garantimos fornecer uma excelente m\u00e3o de obra, especializada e preparada para os mais diversos tipos de situa\u00e7\u00f5es, que requeiram o preparo t\u00e9cnico e psicol\u00f3gico de um agente de seguran\u00e7a. Al\u00e9m disso, dispomos de toda a log\u00edstica para a presta\u00e7\u00e3o de servi\u00e7o de qualidade, tais como Viaturas padronizadas equipadas com Giroflex e GPS`s, detectores de metal, r\u00e1dios transceptores, celulares, motocicletas padronizadas, coletes reflexivos e bal\u00edsticos, note book`s, dentre outros. O objetivo \u00e9 atender todas as demandas apresentadas pelos nossos clientes, bem como se amoldar \u00e0s novas que surgirem, utilizando-se para isso n\u00e3o s\u00f3 do aparato log\u00edstico-tecnol\u00f3gico, mas da expertise dos nossos profissionais<\/p>\t\t\t\t\t\t<\/div>\n\t\t\t\t<\/div>\n\t\t\t\t\t<\/div>\n\t\t<\/div>\n\t\t\t\t\t\t\t<\/div>\n\t\t<\/section>\n\t\t\t\t<section class=\"elementor-section elementor-top-section elementor-element elementor-element-c8b0995 elementor-section-boxed elementor-section-height-default elementor-section-height-default\" data-id=\"c8b0995\" data-element_type=\"section\">\n\t\t\t\t\t\t<div class=\"elementor-container elementor-column-gap-default\">\n\t\t\t\t\t<div class=\"elementor-column elementor-col-50 elementor-top-column elementor-element elementor-element-73ee8c6\" data-id=\"73ee8c6\" data-element_type=\"column\">\n\t\t\t<div class=\"elementor-widget-wrap elementor-element-populated\">\n\t\t\t\t\t\t\t\t<div class=\"elementor-element elementor-element-b407261 elementor-widget elementor-widget-image\" data-id=\"b407261\" data-element_type=\"widget\" data-widget_type=\"image.default\">\n\t\t\t\t<div class=\"elementor-widget-container\">\n\t\t\t\t\t\t\t\t\t\t\t\t\t\t\t<img loading=\"lazy\" decoding=\"async\" width=\"800\" height=\"525\" src=\"https:\/\/grupogadu.com.br\/wp-content\/uploads\/2023\/07\/gadu-seguranca-02-1024x672.jpg\" class=\"attachment-large size-large wp-image-205\" alt=\"\" srcset=\"https:\/\/grupogadu.com.br\/wp-content\/uploads\/2023\/07\/gadu-seguranca-02-1024x672.jpg 1024w, https:\/\/grupogadu.com.br\/wp-content\/uploads\/2023\/07\/gadu-seguranca-02-300x197.jpg 300w, https:\/\/grupogadu.com.br\/wp-content\/uploads\/2023\/07\/gadu-seguranca-02-768x504.jpg 768w, https:\/\/grupogadu.com.br\/wp-content\/uploads\/2023\/07\/gadu-seguranca-02.jpg 1534w\" sizes=\"(max-width: 800px) 100vw, 800px\" \/>\t\t\t\t\t\t\t\t\t\t\t\t\t\t\t<\/div>\n\t\t\t\t<\/div>\n\t\t\t\t\t<\/div>\n\t\t<\/div>\n\t\t\t\t<div class=\"elementor-column elementor-col-50 elementor-top-column elementor-element elementor-element-3b4947f\" data-id=\"3b4947f\" data-element_type=\"column\">\n\t\t\t<div class=\"elementor-widget-wrap elementor-element-populated\">\n\t\t\t\t\t\t\t\t<div class=\"elementor-element elementor-element-7787bdf elementor-widget elementor-widget-heading\" data-id=\"7787bdf\" data-element_type=\"widget\" data-widget_type=\"heading.default\">\n\t\t\t\t<div class=\"elementor-widget-container\">\n\t\t\t<h2 class=\"elementor-heading-title elementor-size-default\">Seguran\u00e7a de Eventos<\/h2>\t\t<\/div>\n\t\t\t\t<\/div>\n\t\t\t\t<div class=\"elementor-element elementor-element-15ece2b elementor-widget__width-initial elementor-widget elementor-widget-text-editor\" data-id=\"15ece2b\" data-element_type=\"widget\" data-widget_type=\"text-editor.default\">\n\t\t\t\t<div class=\"elementor-widget-container\">\n\t\t\t\t\t\t\t<p>A expertise de realizar seguran\u00e7a de eventos de v\u00e1rios segmentos com equipe especializada, alto \u00edndice de satisfa\u00e7\u00e3o dos clientes e gest\u00e3o certificada pelo, comp\u00f5em o diferencial para todos os tipos de eventos! Por isso, conte com a nossa empresa para fazer seu evento acontecer! A busca cont\u00ednua por parcerias de qualidade e por uma gest\u00e3o sustent\u00e1vel, integrada, eficaz e \u00e9tica, contribui para o sucesso dos eventos<\/p>\t\t\t\t\t\t<\/div>\n\t\t\t\t<\/div>\n\t\t\t\t\t<\/div>\n\t\t<\/div>\n\t\t\t\t\t\t\t<\/div>\n\t\t<\/section>\n\t\t\t\t<section class=\"elementor-section elementor-top-section elementor-element elementor-element-68ec25a elementor-section-boxed elementor-section-height-default elementor-section-height-default\" data-id=\"68ec25a\" data-element_type=\"section\">\n\t\t\t\t\t\t<div class=\"elementor-container elementor-column-gap-default\">\n\t\t\t\t\t<div class=\"elementor-column elementor-col-50 elementor-top-column elementor-element elementor-element-4df1a71\" data-id=\"4df1a71\" data-element_type=\"column\">\n\t\t\t<div class=\"elementor-widget-wrap elementor-element-populated\">\n\t\t\t\t\t\t\t\t<div class=\"elementor-element elementor-element-7bc394b elementor-widget elementor-widget-image\" data-id=\"7bc394b\" data-element_type=\"widget\" data-widget_type=\"image.default\">\n\t\t\t\t<div class=\"elementor-widget-container\">\n\t\t\t\t\t\t\t\t\t\t\t\t\t\t\t<img loading=\"lazy\" decoding=\"async\" width=\"800\" height=\"525\" src=\"https:\/\/grupogadu.com.br\/wp-content\/uploads\/2023\/07\/gadu-seguranca-03-1024x672.jpg\" class=\"attachment-large size-large wp-image-206\" alt=\"\" srcset=\"https:\/\/grupogadu.com.br\/wp-content\/uploads\/2023\/07\/gadu-seguranca-03-1024x672.jpg 1024w, https:\/\/grupogadu.com.br\/wp-content\/uploads\/2023\/07\/gadu-seguranca-03-300x197.jpg 300w, https:\/\/grupogadu.com.br\/wp-content\/uploads\/2023\/07\/gadu-seguranca-03-768x504.jpg 768w, https:\/\/grupogadu.com.br\/wp-content\/uploads\/2023\/07\/gadu-seguranca-03.jpg 1534w\" sizes=\"(max-width: 800px) 100vw, 800px\" \/>\t\t\t\t\t\t\t\t\t\t\t\t\t\t\t<\/div>\n\t\t\t\t<\/div>\n\t\t\t\t\t<\/div>\n\t\t<\/div>\n\t\t\t\t<div class=\"elementor-column elementor-col-50 elementor-top-column elementor-element elementor-element-cdd45ff\" data-id=\"cdd45ff\" data-element_type=\"column\">\n\t\t\t<div class=\"elementor-widget-wrap elementor-element-populated\">\n\t\t\t\t\t\t\t\t<div class=\"elementor-element elementor-element-ce0df4f elementor-widget elementor-widget-heading\" data-id=\"ce0df4f\" data-element_type=\"widget\" data-widget_type=\"heading.default\">\n\t\t\t\t<div class=\"elementor-widget-container\">\n\t\t\t<h2 class=\"elementor-heading-title elementor-size-default\">Monitoramento Eletr\u00f4nico de Ambientes 24 horas.<\/h2>\t\t<\/div>\n\t\t\t\t<\/div>\n\t\t\t\t<div class=\"elementor-element elementor-element-db97b1b elementor-widget__width-initial elementor-widget elementor-widget-text-editor\" data-id=\"db97b1b\" data-element_type=\"widget\" data-widget_type=\"text-editor.default\">\n\t\t\t\t<div class=\"elementor-widget-container\">\n\t\t\t\t\t\t\t<p>Buscamos sempre oferecer aos nossos clientes o que h\u00e1 de mais avan\u00e7ado em sistemas de seguran\u00e7a no mercado, apresentando solu\u00e7\u00f5es personalizadas e inteligentes em seguran\u00e7a eletr\u00f4nica.<\/p>\n<p>Contamos com um corpo t\u00e9cnico composto por profissionais capacitados para oferecer solu\u00e7\u00f5es que atendam a todas as normas, exig\u00eancias t\u00e9cnicas e legais.<\/p>\t\t\t\t\t\t<\/div>\n\t\t\t\t<\/div>\n\t\t\t\t\t<\/div>\n\t\t<\/div>\n\t\t\t\t\t\t\t<\/div>\n\t\t<\/section>\n\t\t\t\t<section class=\"elementor-section elementor-top-section elementor-element elementor-element-bef7ee5 elementor-section-boxed elementor-section-height-default elementor-section-height-default\" data-id=\"bef7ee5\" data-element_type=\"section\">\n\t\t\t\t\t\t<div class=\"elementor-container elementor-column-gap-default\">\n\t\t\t\t\t<div class=\"elementor-column elementor-col-50 elementor-top-column elementor-element elementor-element-1715d7c\" data-id=\"1715d7c\" data-element_type=\"column\">\n\t\t\t<div class=\"elementor-widget-wrap elementor-element-populated\">\n\t\t\t\t\t\t\t\t<div class=\"elementor-element elementor-element-a1bb981 elementor-widget elementor-widget-image\" data-id=\"a1bb981\" data-element_type=\"widget\" data-widget_type=\"image.default\">\n\t\t\t\t<div class=\"elementor-widget-container\">\n\t\t\t\t\t\t\t\t\t\t\t\t\t\t\t<img loading=\"lazy\" decoding=\"async\" width=\"800\" height=\"525\" src=\"https:\/\/grupogadu.com.br\/wp-content\/uploads\/2023\/07\/gadu-seguranca-04-1024x672.jpg\" class=\"attachment-large size-large wp-image-207\" alt=\"\" srcset=\"https:\/\/grupogadu.com.br\/wp-content\/uploads\/2023\/07\/gadu-seguranca-04-1024x672.jpg 1024w, https:\/\/grupogadu.com.br\/wp-content\/uploads\/2023\/07\/gadu-seguranca-04-300x197.jpg 300w, https:\/\/grupogadu.com.br\/wp-content\/uploads\/2023\/07\/gadu-seguranca-04-768x504.jpg 768w, https:\/\/grupogadu.com.br\/wp-content\/uploads\/2023\/07\/gadu-seguranca-04.jpg 1534w\" sizes=\"(max-width: 800px) 100vw, 800px\" \/>\t\t\t\t\t\t\t\t\t\t\t\t\t\t\t<\/div>\n\t\t\t\t<\/div>\n\t\t\t\t\t<\/div>\n\t\t<\/div>\n\t\t\t\t<div class=\"elementor-column elementor-col-50 elementor-top-column elementor-element elementor-element-f5c485c\" data-id=\"f5c485c\" data-element_type=\"column\">\n\t\t\t<div class=\"elementor-widget-wrap elementor-element-populated\">\n\t\t\t\t\t\t\t\t<div class=\"elementor-element elementor-element-63e1026 elementor-widget elementor-widget-heading\" data-id=\"63e1026\" data-element_type=\"widget\" data-widget_type=\"heading.default\">\n\t\t\t\t<div class=\"elementor-widget-container\">\n\t\t\t<h2 class=\"elementor-heading-title elementor-size-default\">Servi\u00e7os de Portaria<\/h2>\t\t<\/div>\n\t\t\t\t<\/div>\n\t\t\t\t<div class=\"elementor-element elementor-element-4ec025b elementor-widget__width-initial elementor-widget elementor-widget-text-editor\" data-id=\"4ec025b\" data-element_type=\"widget\" data-widget_type=\"text-editor.default\">\n\t\t\t\t<div class=\"elementor-widget-container\">\n\t\t\t\t\t\t\t<p>Buscamos sempre fornecer solu\u00e7\u00f5es diferenciadas e especificas para cada demanda apresentada, identificando suas necessidades, oferecendo solu\u00e7\u00f5es vi\u00e1veis e qualificadas. A ideia \u00e9 que, com os nossos servi\u00e7os, o cliente possa dedicar-se inteiramente a sua a atividade fim e que, com isso, consiga enfim alcan\u00e7ar todas as suas metas estabelecidas. Tudo isso num regime de parceria e colabora\u00e7\u00e3o m\u00fatua. \u00c9 nesse contexto que temos profissionais qualificados para as fun\u00e7\u00f5es de Agente de Portaria, Auxiliar de Servi\u00e7os Gerais, Limpeza de Escrit\u00f3rios, Recepcionista, Atendente, Agente de Copa, Serventes, Zeladoria, Recepcionista para Eventos, Controlador de Acesso, Motorista, etc.<\/p>\t\t\t\t\t\t<\/div>\n\t\t\t\t<\/div>\n\t\t\t\t\t<\/div>\n\t\t<\/div>\n\t\t\t\t\t\t\t<\/div>\n\t\t<\/section>\n\t\t\t\t<section class=\"elementor-section elementor-top-section elementor-element elementor-element-9a4bfc0 elementor-section-boxed elementor-section-height-default elementor-section-height-default\" data-id=\"9a4bfc0\" data-element_type=\"section\">\n\t\t\t\t\t\t<div class=\"elementor-container elementor-column-gap-default\">\n\t\t\t\t\t<div class=\"elementor-column elementor-col-50 elementor-top-column elementor-element elementor-element-2d5b53a\" data-id=\"2d5b53a\" data-element_type=\"column\">\n\t\t\t<div class=\"elementor-widget-wrap elementor-element-populated\">\n\t\t\t\t\t\t\t\t<div class=\"elementor-element elementor-element-1adbb55 elementor-widget elementor-widget-image\" data-id=\"1adbb55\" data-element_type=\"widget\" data-widget_type=\"image.default\">\n\t\t\t\t<div class=\"elementor-widget-container\">\n\t\t\t\t\t\t\t\t\t\t\t\t\t\t\t<img loading=\"lazy\" decoding=\"async\" width=\"800\" height=\"525\" src=\"https:\/\/grupogadu.com.br\/wp-content\/uploads\/2023\/07\/gadu-seguranca-05-1024x672.jpg\" class=\"attachment-large size-large wp-image-208\" alt=\"\" srcset=\"https:\/\/grupogadu.com.br\/wp-content\/uploads\/2023\/07\/gadu-seguranca-05-1024x672.jpg 1024w, https:\/\/grupogadu.com.br\/wp-content\/uploads\/2023\/07\/gadu-seguranca-05-300x197.jpg 300w, https:\/\/grupogadu.com.br\/wp-content\/uploads\/2023\/07\/gadu-seguranca-05-768x504.jpg 768w, https:\/\/grupogadu.com.br\/wp-content\/uploads\/2023\/07\/gadu-seguranca-05.jpg 1534w\" sizes=\"(max-width: 800px) 100vw, 800px\" \/>\t\t\t\t\t\t\t\t\t\t\t\t\t\t\t<\/div>\n\t\t\t\t<\/div>\n\t\t\t\t\t<\/div>\n\t\t<\/div>\n\t\t\t\t<div class=\"elementor-column elementor-col-50 elementor-top-column elementor-element elementor-element-bf2ecf1\" data-id=\"bf2ecf1\" data-element_type=\"column\">\n\t\t\t<div class=\"elementor-widget-wrap elementor-element-populated\">\n\t\t\t\t\t\t\t\t<div class=\"elementor-element elementor-element-43e665c elementor-widget elementor-widget-heading\" data-id=\"43e665c\" data-element_type=\"widget\" data-widget_type=\"heading.default\">\n\t\t\t\t<div class=\"elementor-widget-container\">\n\t\t\t<h2 class=\"elementor-heading-title elementor-size-default\">Limpeza e Conserva\u00e7\u00e3o<\/h2>\t\t<\/div>\n\t\t\t\t<\/div>\n\t\t\t\t<div class=\"elementor-element elementor-element-72ac8d1 elementor-widget__width-initial elementor-widget elementor-widget-text-editor\" data-id=\"72ac8d1\" data-element_type=\"widget\" data-widget_type=\"text-editor.default\">\n\t\t\t\t<div class=\"elementor-widget-container\">\n\t\t\t\t\t\t\t<p>N\u00f3s oferecemos uma ampla gama de servi\u00e7os de limpeza, incluindo auxiliares de limpeza e l\u00edderes de limpeza, servi\u00e7os gerais e servi\u00e7os p\u00f3s-obra. Nossa equipe \u00e9 altamente capacitada e especializada em limpeza para todos os setores, desde empresas e escrit\u00f3rios at\u00e9 hospitais, escolas e ind\u00fastrias.<br \/>Al\u00e9m disso, utilizamos os melhores produtos e equipamentos de limpeza dispon\u00edveis no mercado, garantindo um servi\u00e7o de mercado, garantindo um servi\u00e7o de qualidade e eficiente. Seja qual for sua necessidade de limpeza, n\u00f3s estamos prontos para atender com excel\u00eancia e profissionalismo.<\/p>\t\t\t\t\t\t<\/div>\n\t\t\t\t<\/div>\n\t\t\t\t\t<\/div>\n\t\t<\/div>\n\t\t\t\t\t\t\t<\/div>\n\t\t<\/section>\n\t\t\t\t\t\t\t<\/div>\n\t\t","protected":false},"excerpt":{"rendered":"<p>ATUA\u00c7\u00c3O Seguran\u00e7a, Vigil\u00e2ncia Armada e Desarmada Atrav\u00e9s de uma sele\u00e7\u00e3o criteriosa e constante treinamento de pessoal, garantimos fornecer uma excelente m\u00e3o de obra, especializada e preparada para os mais diversos tipos de situa\u00e7\u00f5es, que requeiram o preparo t\u00e9cnico e psicol\u00f3gico de um agente de seguran\u00e7a. Al\u00e9m disso, dispomos de toda a log\u00edstica para a presta\u00e7\u00e3o [&hellip;]<\/p>\n","protected":false},"author":1,"featured_media":0,"parent":0,"menu_order":0,"comment_status":"closed","ping_status":"open","template":"","meta":{"footnotes":""},"_links":{"self":[{"href":"https:\/\/grupogadu.com.br\/index.php\/wp-json\/wp\/v2\/pages\/2"}],"collection":[{"href":"https:\/\/grupogadu.com.br\/index.php\/wp-json\/wp\/v2\/pages"}],"about":[{"href":"https:\/\/grupogadu.com.br\/index.php\/wp-json\/wp\/v2\/types\/page"}],"author":[{"embeddable":true,"href":"https:\/\/grupogadu.com.br\/index.php\/wp-json\/wp\/v2\/users\/1"}],"replies":[{"embeddable":true,"href":"https:\/\/grupogadu.com.br\/index.php\/wp-json\/wp\/v2\/comments?post=2"}],"version-history":[{"count":22,"href":"https:\/\/grupogadu.com.br\/index.php\/wp-json\/wp\/v2\/pages\/2\/revisions"}],"predecessor-version":[{"id":211,"href":"https:\/\/grupogadu.com.br\/index.php\/wp-json\/wp\/v2\/pages\/2\/revisions\/211"}],"wp:attachment":[{"href":"https:\/\/grupogadu.com.br\/index.php\/wp-json\/wp\/v2\/media?parent=2"}],"curies":[{"name":"wp","href":"https:\/\/api.w.org\/{rel}","templated":true}]}}